{"id":16,"date":"2025-07-05T09:58:16","date_gmt":"2025-07-05T09:58:16","guid":{"rendered":"https:\/\/jarvenperanravintola.fi\/?page_id=16"},"modified":"2026-05-10T10:29:37","modified_gmt":"2026-05-10T07:29:37","slug":"lounas","status":"publish","type":"page","link":"https:\/\/jarvenperanravintola.fi\/en\/lounas\/","title":{"rendered":"Lunch"},"content":{"rendered":"<div data-elementor-type=\"wp-page\" data-elementor-id=\"16\" class=\"elementor elementor-16\" data-elementor-post-type=\"page\">\n\t\t\t\t<div class=\"elementor-element elementor-element-3b09434 e-flex e-con-boxed e-con e-parent\" data-id=\"3b09434\" data-element_type=\"container\" data-e-type=\"container\">\n\t\t\t\t\t<div class=\"e-con-inner\">\n\t\t<div class=\"elementor-element elementor-element-594f15b e-con-full e-flex e-con e-child\" data-id=\"594f15b\" data-element_type=\"container\" data-e-type=\"container\" data-settings=\"{&quot;background_background&quot;:&quot;classic&quot;}\">\n\t\t<div class=\"elementor-element elementor-element-8323664 e-con-full e-flex e-con e-child\" data-id=\"8323664\" data-element_type=\"container\" data-e-type=\"container\">\n\t\t<div class=\"elementor-element elementor-element-568bdd0 e-con-full e-flex e-con e-child\" data-id=\"568bdd0\" data-element_type=\"container\" data-e-type=\"container\">\n\t\t\t\t<div class=\"elementor-element elementor-element-27ac55e elementor-widget elementor-widget-heading\" data-id=\"27ac55e\" data-element_type=\"widget\" data-e-type=\"widget\" data-widget_type=\"heading.default\">\n\t\t\t\t\t<h2 class=\"elementor-heading-title elementor-size-default\">LUNCH BUFFET<\/h2>\t\t\t\t<\/div>\n\t\t\t\t<div class=\"elementor-element elementor-element-3250784 elementor-widget elementor-widget-heading\" data-id=\"3250784\" data-element_type=\"widget\" data-e-type=\"widget\" data-widget_type=\"heading.default\">\n\t\t\t\t\t<h2 class=\"elementor-heading-title elementor-size-default\">VIIKKO 20 | 11.5. - 15.5.2026<\/h2>\t\t\t\t<\/div>\n\t\t\t\t<div class=\"elementor-element elementor-element-3464c0c elementor-widget elementor-widget-heading\" data-id=\"3464c0c\" data-element_type=\"widget\" data-e-type=\"widget\" data-widget_type=\"heading.default\">\n\t\t\t\t\t<h2 class=\"elementor-heading-title elementor-size-default\">Weekdays from 10:30 AM to 3:00 PM<\/h2>\t\t\t\t<\/div>\n\t\t\t\t<div class=\"elementor-element elementor-element-0c63a89 elementor-widget-divider--view-line elementor-widget elementor-widget-divider\" data-id=\"0c63a89\" data-element_type=\"widget\" data-e-type=\"widget\" data-widget_type=\"divider.default\">\n\t\t\t\t\t\t\t<div class=\"elementor-divider\">\n\t\t\t<span class=\"elementor-divider-separator\">\n\t\t\t\t\t\t<\/span>\n\t\t<\/div>\n\t\t\t\t\t\t<\/div>\n\t\t\t\t<\/div>\n\t\t<div class=\"elementor-element elementor-element-3bf6200 e-con-full e-flex e-con e-child\" data-id=\"3bf6200\" data-element_type=\"container\" data-e-type=\"container\">\n\t\t\t\t<div class=\"elementor-element elementor-element-d954396 elementor-widget elementor-widget-text-editor\" data-id=\"d954396\" data-element_type=\"widget\" data-e-type=\"widget\" data-widget_type=\"text-editor.default\">\n\t\t\t\t\t\t\t\t\t<p>Our lunch buffet features a plentiful salad bar with over ten different options. Every day, we serve eight rotating hot dishes, along with a pizza buffet and kebab. The buffet also includes a wide variety of sides, fresh bread, and dessert. The meal is completed with dessert and coffee or tea.<\/p>\t\t\t\t\t\t\t\t<\/div>\n\t\t\t\t<div class=\"elementor-element elementor-element-d193584 elementor-widget-divider--view-line elementor-widget elementor-widget-divider\" data-id=\"d193584\" data-element_type=\"widget\" data-e-type=\"widget\" data-widget_type=\"divider.default\">\n\t\t\t\t\t\t\t<div class=\"elementor-divider\">\n\t\t\t<span class=\"elementor-divider-separator\">\n\t\t\t\t\t\t<\/span>\n\t\t<\/div>\n\t\t\t\t\t\t<\/div>\n\t\t<div class=\"elementor-element elementor-element-4fecc68 e-con-full e-flex e-con e-child\" data-id=\"4fecc68\" data-element_type=\"container\" data-e-type=\"container\">\n\t\t\t\t<div class=\"elementor-element elementor-element-835ab83 elementor-widget elementor-widget-heading\" data-id=\"835ab83\" data-element_type=\"widget\" data-e-type=\"widget\" data-widget_type=\"heading.default\">\n\t\t\t\t\t<h2 class=\"elementor-heading-title elementor-size-default\">PRICES<\/h2>\t\t\t\t<\/div>\n\t\t\t\t<div class=\"elementor-element elementor-element-c6c4361 elementor-widget elementor-widget-heading\" data-id=\"c6c4361\" data-element_type=\"widget\" data-e-type=\"widget\" data-widget_type=\"heading.default\">\n\t\t\t\t\t<p class=\"elementor-heading-title elementor-size-default\">Normaalihinta&nbsp;<strong>14,90 \u20ac<\/strong><br>Salaattibuffet&nbsp;<strong>12,90 \u20ac<\/strong><br>\nEl\u00e4kel\u00e4iset&nbsp;<strong>12,90 \u20ac<\/strong><br>\nLapset alle 10 vuotta:&nbsp;<strong>1 \u20ac \/ ik\u00e4vuosi<\/strong><\/p>\t\t\t\t<\/div>\n\t\t\t\t<\/div>\n\t\t\t\t<div class=\"elementor-element elementor-element-c1f7d90 elementor-widget-divider--view-line elementor-widget elementor-widget-divider\" data-id=\"c1f7d90\" data-element_type=\"widget\" data-e-type=\"widget\" data-widget_type=\"divider.default\">\n\t\t\t\t\t\t\t<div class=\"elementor-divider\">\n\t\t\t<span class=\"elementor-divider-separator\">\n\t\t\t\t\t\t<\/span>\n\t\t<\/div>\n\t\t\t\t\t\t<\/div>\n\t\t\t\t<\/div>\n\t\t\t\t<div class=\"elementor-element elementor-element-358b99c elementor-widget elementor-widget-html\" data-id=\"358b99c\" data-element_type=\"widget\" data-e-type=\"widget\" data-widget_type=\"html.default\">\n\t\t\t\t\t<section class=\"lounasbuffet\">\r\n  <div class=\"day\">\r\n    <h2>MAANANTAI 11.5.<\/h2>\r\n    <ul>\r\n      <li><strong>P\u00e4iv\u00e4n erikoissalaatti:<\/strong> V\u00e4limerellinen tomaatti-mozzarellasalaatti (L, G)<\/li>\r\n      <li><strong>P\u00e4iv\u00e4n keitto:<\/strong> Paahdettu juuressosekeitto (L, G)<\/li>\r\n      <li>Kana-pestopihvit sitruuna-yrttikastikkeessa (L)<\/li>\r\n      <li>Naudan suikaleet t\u00e4ytel\u00e4isess\u00e4 punaviinikastikkeessa (L, G)<\/li>\r\n      <li><strong>J\u00e4lkiruoka:<\/strong> Hedelm\u00e4-vaniljarahka (L, G)<\/li>\r\n    <\/ul>\r\n    <p><strong>Lis\u00e4ksi:<\/strong> laaja salaattip\u00f6yt\u00e4, pizzabuffet, kebabia, kanakebabia, kebabkastiketta, kasviksia, riisi\u00e4, ranskalaisia, paistettuja perunoita, tuoretta leip\u00e4\u00e4 ja levitteit\u00e4. Lis\u00e4ksi j\u00e4lkiruoka sek\u00e4 kahvi tai tee.<\/p>\r\n  <\/div>\r\n  <div class=\"day\">\r\n    <h2>TIISTAI 12.5.<\/h2>\r\n    <ul>\r\n      <li><strong>P\u00e4iv\u00e4n erikoissalaatti:<\/strong> Broileripastasalaatti (L)<\/li>\r\n      <li><strong>P\u00e4iv\u00e4n keitto:<\/strong> Kermainen tomaattikeitto (L, G)<\/li>\r\n      <li>Porsaan uunipaisti ja kermainen pippurikastike (L, G)<\/li>\r\n      <li>Talon lihamureke ruskealla kastikkeella (L, G)<\/li>\r\n      <li><strong>J\u00e4lkiruoka:<\/strong> Mustikkapiirakka<\/li>\r\n    <\/ul>\r\n    <p><strong>Lis\u00e4ksi:<\/strong> laaja salaattip\u00f6yt\u00e4, pizzabuffet, kebabia, kanakebabia, kebabkastiketta, kasviksia, riisi\u00e4, ranskalaisia, paistettuja perunoita, tuoretta leip\u00e4\u00e4 ja levitteit\u00e4. Lis\u00e4ksi j\u00e4lkiruoka sek\u00e4 kahvi tai tee.<\/p>\r\n  <\/div>\r\n  <div class=\"day\">\r\n    <h2>KESKIVIIKKO 13.5.<\/h2>\r\n    <ul>\r\n      <li><strong>P\u00e4iv\u00e4n erikoissalaatti:<\/strong> Tonnikala-riisisalaatti (L, G)<\/li>\r\n      <li><strong>P\u00e4iv\u00e4n keitto:<\/strong> Kirkas kanakeitto (L, G)<\/li>\r\n      <li>Broilerin fileesuikaleet currykastikkeessa (L, G)<\/li>\r\n      <li>Jauheliha-kasvisvuoka (L, G)<\/li>\r\n      <li><strong>J\u00e4lkiruoka:<\/strong> Omenapaistos vaniljakastikkeella (L)<\/li>\r\n    <\/ul>\r\n    <p><strong>Lis\u00e4ksi:<\/strong> laaja salaattip\u00f6yt\u00e4, pizzabuffet, kebabia, kanakebabia, kebabkastiketta, kasviksia, riisi\u00e4, ranskalaisia, paistettuja perunoita, tuoretta leip\u00e4\u00e4 ja levitteit\u00e4. Lis\u00e4ksi j\u00e4lkiruoka sek\u00e4 kahvi tai tee.<\/p>\r\n  <\/div>\r\n  <div class=\"day\">\r\n    <h2>TORSTAI 14.5.<\/h2>\r\n    <ul>\r\n      <li><strong>P\u00e4iv\u00e4n erikoissalaatti:<\/strong> Kinkkuperunasalaatti (L, G)<\/li>\r\n      <li><strong>P\u00e4iv\u00e4n keitto:<\/strong> Hernekeitto (L, G)<\/li>\r\n      <li>Porsaanleike sienikastikkeella (L, G)<\/li>\r\n      <li>Kermainen broileripasta (L)<\/li>\r\n      <li><strong>J\u00e4lkiruoka:<\/strong> Pannukakku ja hillo<\/li>\r\n    <\/ul>\r\n    <p><strong>Lis\u00e4ksi:<\/strong> laaja salaattip\u00f6yt\u00e4, pizzabuffet, kebabia, kanakebabia, kebabkastiketta, kasviksia, riisi\u00e4, ranskalaisia, paistettuja perunoita, tuoretta leip\u00e4\u00e4 ja levitteit\u00e4. Lis\u00e4ksi j\u00e4lkiruoka sek\u00e4 kahvi tai tee.<\/p>\r\n  <\/div>\r\n  <div class=\"day\">\r\n    <h2>PERJANTAI 15.5.<\/h2>\r\n    <ul>\r\n      <li><strong>P\u00e4iv\u00e4n erikoissalaatti:<\/strong> Katkarapu-vihersalaatti (L, G)<\/li>\r\n      <li><strong>P\u00e4iv\u00e4n keitto:<\/strong> Kermainen kalakeitto (L, G)<\/li>\r\n      <li>Paistettu kirjolohi tillikastikkeella (L, G)<\/li>\r\n      <li>Naudan jauhelihapihvit sipulikastikkeella (L, G)<\/li>\r\n      <li><strong>J\u00e4lkiruoka:<\/strong> Mokkapalat<\/li>\r\n    <\/ul>\r\n    <p><strong>Lis\u00e4ksi:<\/strong> laaja salaattip\u00f6yt\u00e4, pizzabuffet, kebabia, kanakebabia, kebabkastiketta, kasviksia, riisi\u00e4, ranskalaisia, paistettuja perunoita, tuoretta leip\u00e4\u00e4 ja levitteit\u00e4. Lis\u00e4ksi j\u00e4lkiruoka sek\u00e4 kahvi tai tee.<\/p>\r\n  <\/div>\r\n<\/section>\t\t\t\t<\/div>\n\t\t\t\t<div class=\"elementor-element elementor-element-33f3061 elementor-widget elementor-widget-html\" data-id=\"33f3061\" data-element_type=\"widget\" data-e-type=\"widget\" data-widget_type=\"html.default\">\n\t\t\t\t\t<section class=\"lounasbuffet26\">\r\n  <div class=\"day\">\r\n    <ul>\r\n<li>L = Laktoositon \u2981 G = Gluteeniton \u2981 K = Kananmunaton \u2981 M = Maidoton<\/li>\r\n    <\/ul>\r\n  <\/div>\r\n<\/section>\r\n\t\t\t\t<\/div>\n\t\t\t\t<\/div>\n\t\t\t\t<\/div>\n\t\t\t\t\t<\/div>\n\t\t\t\t<\/div>\n\t\t<div class=\"elementor-element elementor-element-3d22b8c e-flex e-con-boxed e-con e-parent\" data-id=\"3d22b8c\" data-element_type=\"container\" data-e-type=\"container\" data-settings=\"{&quot;background_background&quot;:&quot;classic&quot;}\">\n\t\t\t\t\t<div class=\"e-con-inner\">\n\t\t<div class=\"elementor-element elementor-element-2c3cda4 e-flex e-con-boxed e-con e-child\" data-id=\"2c3cda4\" data-element_type=\"container\" data-e-type=\"container\">\n\t\t\t\t\t<div class=\"e-con-inner\">\n\t\t<div class=\"elementor-element elementor-element-a023ecd e-con-full e-flex e-con e-child\" data-id=\"a023ecd\" data-element_type=\"container\" data-e-type=\"container\">\n\t\t<div class=\"elementor-element elementor-element-9eb5f3a e-con-full e-flex e-con e-child\" data-id=\"9eb5f3a\" data-element_type=\"container\" data-e-type=\"container\">\n\t\t<div class=\"elementor-element elementor-element-bc2fb88 e-con-full e-flex e-con e-child\" data-id=\"bc2fb88\" data-element_type=\"container\" data-e-type=\"container\">\n\t\t\t\t<div class=\"elementor-element elementor-element-532cafa elementor-widget elementor-widget-heading\" data-id=\"532cafa\" data-element_type=\"widget\" data-e-type=\"widget\" data-widget_type=\"heading.default\">\n\t\t\t\t\t<h2 class=\"elementor-heading-title elementor-size-default\">Salaattibuffet 12,90 \u20ac<\/h2>\t\t\t\t<\/div>\n\t\t\t\t<div class=\"elementor-element elementor-element-3e94476 elementor-widget elementor-widget-text-editor\" data-id=\"3e94476\" data-element_type=\"widget\" data-e-type=\"widget\" data-widget_type=\"text-editor.default\">\n\t\t\t\t\t\t\t\t\t<p>Raikas ja monipuolinen vaihtoehto lounaalle.<br \/>Kokoa oma annoksesi tuoreista kasviksista ja laadukkaista raaka-aineista. Salaattibuffetissa on viikoittain vaihtuvia salaatteja sek\u00e4 p\u00e4ivitt\u00e4in vaihtuva erikoissalaatti, joka tuo lis\u00e4\u00e4 makua ja vaihtelua lounaaseen.<\/p><p>Salaattibuffet sis\u00e4lt\u00e4\u00e4 my\u00f6s leiv\u00e4n, levitteet, mehun sek\u00e4 kahvin tai teen.<\/p><p>Annoksen voi nauttia paikan p\u00e4\u00e4ll\u00e4 tai ottaa mukaan take awayna.<\/p>\t\t\t\t\t\t\t\t<\/div>\n\t\t\t\t<\/div>\n\t\t\t\t<\/div>\n\t\t\t\t<\/div>\n\t\t<div class=\"elementor-element elementor-element-ef3c6a0 e-con-full e-flex e-con e-child\" data-id=\"ef3c6a0\" data-element_type=\"container\" data-e-type=\"container\">\n\t\t\t\t<div class=\"elementor-element elementor-element-008d8fa elementor-widget elementor-widget-image\" data-id=\"008d8fa\" data-element_type=\"widget\" data-e-type=\"widget\" data-widget_type=\"image.default\">\n\t\t\t\t\t\t\t\t\t\t\t\t\t\t\t<img fetchpriority=\"high\" decoding=\"async\" width=\"683\" height=\"1024\" src=\"https:\/\/jarvenperanravintola.fi\/wp-content\/uploads\/2026\/04\/salad_jr-683x1024.png\" class=\"attachment-large size-large wp-image-9122\" alt=\"\" srcset=\"https:\/\/jarvenperanravintola.fi\/wp-content\/uploads\/2026\/04\/salad_jr-683x1024.png 683w, https:\/\/jarvenperanravintola.fi\/wp-content\/uploads\/2026\/04\/salad_jr-200x300.png 200w, https:\/\/jarvenperanravintola.fi\/wp-content\/uploads\/2026\/04\/salad_jr-768x1152.png 768w, https:\/\/jarvenperanravintola.fi\/wp-content\/uploads\/2026\/04\/salad_jr-8x12.png 8w, https:\/\/jarvenperanravintola.fi\/wp-content\/uploads\/2026\/04\/salad_jr.png 1024w\" sizes=\"(max-width: 683px) 100vw, 683px\" \/>\t\t\t\t\t\t\t\t\t\t\t\t\t\t\t<\/div>\n\t\t\t\t<\/div>\n\t\t\t\t\t<\/div>\n\t\t\t\t<\/div>\n\t\t\t\t\t<\/div>\n\t\t\t\t<\/div>\n\t\t\t\t<\/div>","protected":false},"excerpt":{"rendered":"<p>LOUNASBUFFET VIIKKO 20 | 11.5. &#8211; 15.5.2026 Arkisin klo 10.30\u201315.00 Lounasbuffetimme koostuu runsaasta salaattip\u00f6yd\u00e4st\u00e4, jossa on yli kymmenen erilaista vaihtoehtoa. P\u00e4ivitt\u00e4in tarjoamme kahdeksan vaihtuvaa l\u00e4mmint\u00e4 ruokaa sek\u00e4 pizzabuffetin ja kebabin. Buffetista l\u00f6yd\u00e4t my\u00f6s laajan lisukevalikoiman, tuoretta leip\u00e4\u00e4 sek\u00e4 j\u00e4lkiruoan. Aterian t\u00e4ydent\u00e4v\u00e4t j\u00e4lkiruoka, kahvi\/tee. HINNAT Normaalihinta&nbsp;14,90 \u20acSalaattibuffet&nbsp;12,90 \u20ac El\u00e4kel\u00e4iset&nbsp;12,90 \u20ac Lapset alle 10 vuotta:&nbsp;1 \u20ac \/ [&hellip;]<\/p>\n","protected":false},"author":1,"featured_media":0,"parent":0,"menu_order":0,"comment_status":"closed","ping_status":"closed","template":"","meta":{"footnotes":""},"class_list":["post-16","page","type-page","status-publish","hentry"],"_links":{"self":[{"href":"https:\/\/jarvenperanravintola.fi\/en\/wp-json\/wp\/v2\/pages\/16","targetHints":{"allow":["GET"]}}],"collection":[{"href":"https:\/\/jarvenperanravintola.fi\/en\/wp-json\/wp\/v2\/pages"}],"about":[{"href":"https:\/\/jarvenperanravintola.fi\/en\/wp-json\/wp\/v2\/types\/page"}],"author":[{"embeddable":true,"href":"https:\/\/jarvenperanravintola.fi\/en\/wp-json\/wp\/v2\/users\/1"}],"replies":[{"embeddable":true,"href":"https:\/\/jarvenperanravintola.fi\/en\/wp-json\/wp\/v2\/comments?post=16"}],"version-history":[{"count":42,"href":"https:\/\/jarvenperanravintola.fi\/en\/wp-json\/wp\/v2\/pages\/16\/revisions"}],"predecessor-version":[{"id":9379,"href":"https:\/\/jarvenperanravintola.fi\/en\/wp-json\/wp\/v2\/pages\/16\/revisions\/9379"}],"wp:attachment":[{"href":"https:\/\/jarvenperanravintola.fi\/en\/wp-json\/wp\/v2\/media?parent=16"}],"curies":[{"name":"wp","href":"https:\/\/api.w.org\/{rel}","templated":true}]}}