{"id":18,"date":"2025-07-05T09:58:32","date_gmt":"2025-07-05T09:58:32","guid":{"rendered":"https:\/\/jarvenperanravintola.fi\/?page_id=18"},"modified":"2025-07-29T07:41:22","modified_gmt":"2025-07-29T07:41:22","slug":"tarinamme","status":"publish","type":"page","link":"https:\/\/jarvenperanravintola.fi\/en\/tarinamme\/","title":{"rendered":"Our Story"},"content":{"rendered":"\t\t<div data-elementor-type=\"wp-page\" data-elementor-id=\"18\" class=\"elementor elementor-18\" data-elementor-post-type=\"page\">\n\t\t\t\t<div class=\"elementor-element elementor-element-f279388 e-con-full e-flex e-con e-parent\" data-id=\"f279388\" data-element_type=\"container\" data-e-type=\"container\" data-settings=\"{&quot;background_background&quot;:&quot;classic&quot;}\">\n\t\t<div class=\"elementor-element elementor-element-cc66daa e-con-full e-flex e-con e-child\" data-id=\"cc66daa\" data-element_type=\"container\" data-e-type=\"container\">\n\t\t<div class=\"elementor-element elementor-element-735497b e-con-full e-flex e-con e-child\" data-id=\"735497b\" data-element_type=\"container\" data-e-type=\"container\">\n\t\t<div class=\"elementor-element elementor-element-f956a2b e-con-full e-flex e-con e-child\" data-id=\"f956a2b\" data-element_type=\"container\" data-e-type=\"container\">\n\t\t\t\t<div class=\"elementor-element elementor-element-0aebbac elementor-widget__width-initial elementor-widget elementor-widget-heading\" data-id=\"0aebbac\" data-element_type=\"widget\" data-e-type=\"widget\" data-widget_type=\"heading.default\">\n\t\t\t\t\t<h2 class=\"elementor-heading-title elementor-size-default\">Uusi alku vuonna 2012\n<\/h2>\t\t\t\t<\/div>\n\t\t\t\t<div class=\"elementor-element elementor-element-567f9b4 elementor-widget elementor-widget-text-editor\" data-id=\"567f9b4\" data-element_type=\"widget\" data-e-type=\"widget\" data-widget_type=\"text-editor.default\">\n\t\t\t\t\t\t\t\t\t<p>J\u00e4rvenper\u00e4n Ravintolan tarina sai uuden suunnan vuonna 2012, kun ravintola sai uuden omistajan, Safin Hassanin. H\u00e4n toi mukanaan ajatuksen paikasta, jossa yhdistyv\u00e4t laadukas k\u00e4sin valmistettu ruoka ja l\u00e4mmin vieraanvaraisuus.<\/p><p>Jo alusta asti ruokalistan perustaksi valittiin itse tehdyt pizzataikinat, tuoreet salaatit, omat kastikkeet ja huolella valitut raaka-aineet \u2013 ilman oikoteit\u00e4. T\u00e4m\u00e4 intohimo hyv\u00e4\u00e4n ruokaan ja asiakkaiden kohtaamiseen loi perustan sille, mit\u00e4 J\u00e4rvenper\u00e4n Ravintola on t\u00e4n\u00e4\u00e4n.<\/p>\t\t\t\t\t\t\t\t<\/div>\n\t\t\t\t<\/div>\n\t\t<div class=\"elementor-element elementor-element-0228056 e-con-full e-flex e-con e-child\" data-id=\"0228056\" data-element_type=\"container\" data-e-type=\"container\">\n\t\t\t\t<div class=\"elementor-element elementor-element-47c3274 elementor-widget elementor-widget-heading\" data-id=\"47c3274\" data-element_type=\"widget\" data-e-type=\"widget\" data-widget_type=\"heading.default\">\n\t\t\t\t\t<h2 class=\"elementor-heading-title elementor-size-default\">Laatu ja vieraanvaraisuus kannattelivat\n<\/h2>\t\t\t\t<\/div>\n\t\t\t\t<div class=\"elementor-element elementor-element-bd3943f elementor-widget elementor-widget-text-editor\" data-id=\"bd3943f\" data-element_type=\"widget\" data-e-type=\"widget\" data-widget_type=\"text-editor.default\">\n\t\t\t\t\t\t\t\t\tEnsimm\u00e4iset vuodet eiv\u00e4t olleet helppoja. Asiakkaita tuli aluksi vain v\u00e4h\u00e4n, mutta periksi ei annettu. Laadusta pidettiin kiinni, ja v\u00e4hitellen sana hyv\u00e4st\u00e4 ruoasta ja rennosta tunnelmasta levisi. Satunnaisista k\u00e4vij\u00f6ist\u00e4 kasvoi vakioasiakkaita, ja ravintolasta tuli monelle se tuttu paikka, jonne on aina mukava palata.\n\t\t\t\t\t\t\t\t<\/div>\n\t\t\t\t<\/div>\n\t\t\t\t<\/div>\n\t\t\t\t<\/div>\n\t\t<div class=\"elementor-element elementor-element-f927837 e-con-full e-flex e-con e-child\" data-id=\"f927837\" data-element_type=\"container\" data-e-type=\"container\" data-settings=\"{&quot;background_background&quot;:&quot;classic&quot;}\">\n\t\t\t\t<\/div>\n\t\t\t\t<\/div>\n\t\t<div class=\"elementor-element elementor-element-ea119b7 e-flex e-con-boxed e-con e-parent\" data-id=\"ea119b7\" data-element_type=\"container\" data-e-type=\"container\">\n\t\t\t\t\t<div class=\"e-con-inner\">\n\t\t<div class=\"elementor-element elementor-element-bd3384c e-flex e-con-boxed e-con e-child\" data-id=\"bd3384c\" data-element_type=\"container\" data-e-type=\"container\">\n\t\t\t\t\t<div class=\"e-con-inner\">\n\t\t<div class=\"elementor-element elementor-element-cc02933 e-con-full e-flex e-con e-child\" data-id=\"cc02933\" data-element_type=\"container\" data-e-type=\"container\">\n\t\t\t\t<div class=\"elementor-element elementor-element-ec908b3 elementor-widget elementor-widget-image\" data-id=\"ec908b3\" data-element_type=\"widget\" data-e-type=\"widget\" data-settings=\"{&quot;sticky&quot;:&quot;top&quot;,&quot;sticky_on&quot;:[&quot;desktop&quot;,&quot;laptop&quot;,&quot;tablet_extra&quot;],&quot;sticky_parent&quot;:&quot;yes&quot;,&quot;sticky_offset&quot;:0,&quot;sticky_effects_offset&quot;:0,&quot;sticky_anchor_link_offset&quot;:0}\" data-widget_type=\"image.default\">\n\t\t\t\t\t\t\t\t\t\t\t\t\t\t\t<img fetchpriority=\"high\" decoding=\"async\" width=\"539\" height=\"850\" src=\"https:\/\/jarvenperanravintola.fi\/wp-content\/uploads\/2025\/07\/pizza.jpg\" class=\"attachment-large size-large wp-image-6855\" alt=\"\" srcset=\"https:\/\/jarvenperanravintola.fi\/wp-content\/uploads\/2025\/07\/pizza.jpg 539w, https:\/\/jarvenperanravintola.fi\/wp-content\/uploads\/2025\/07\/pizza-190x300.jpg 190w, https:\/\/jarvenperanravintola.fi\/wp-content\/uploads\/2025\/07\/pizza-8x12.jpg 8w\" sizes=\"(max-width: 539px) 100vw, 539px\" \/>\t\t\t\t\t\t\t\t\t\t\t\t\t\t\t<\/div>\n\t\t\t\t<\/div>\n\t\t<div class=\"elementor-element elementor-element-e301058 e-con-full e-flex e-con e-child\" data-id=\"e301058\" data-element_type=\"container\" data-e-type=\"container\">\n\t\t<div class=\"elementor-element elementor-element-b37c137 e-con-full e-flex e-con e-child\" data-id=\"b37c137\" data-element_type=\"container\" data-e-type=\"container\">\n\t\t<div class=\"elementor-element elementor-element-60cad06 e-con-full e-flex e-con e-child\" data-id=\"60cad06\" data-element_type=\"container\" data-e-type=\"container\">\n\t\t<div class=\"elementor-element elementor-element-21220dc e-con-full e-flex e-con e-child\" data-id=\"21220dc\" data-element_type=\"container\" data-e-type=\"container\">\n\t\t\t\t<div class=\"elementor-element elementor-element-9e1bf29 elementor-widget elementor-widget-heading\" data-id=\"9e1bf29\" data-element_type=\"widget\" data-e-type=\"widget\" data-widget_type=\"heading.default\">\n\t\t\t\t\t<h2 class=\"elementor-heading-title elementor-size-default\">Paikka, jossa viihdyt\u00e4\u00e4n\n<\/h2>\t\t\t\t<\/div>\n\t\t\t\t<div class=\"elementor-element elementor-element-c8eeb86 elementor-widget elementor-widget-text-editor\" data-id=\"c8eeb86\" data-element_type=\"widget\" data-e-type=\"widget\" data-widget_type=\"text-editor.default\">\n\t\t\t\t\t\t\t\t\t<p>Vuosien aikana J\u00e4rvenper\u00e4n Ravintolasta kehittyi kodikas kohtaamispaikka, jossa viihtyv\u00e4t niin perheet kuin yst\u00e4v\u00e4porukat. Pizzat, kebabit, burgerit ja runsaat salaatit ovat olleet asiakkaiden kestosuosikkeja.<\/p>\t\t\t\t\t\t\t\t<\/div>\n\t\t\t\t<\/div>\n\t\t<div class=\"elementor-element elementor-element-fe8e59e e-con-full e-flex e-con e-child\" data-id=\"fe8e59e\" data-element_type=\"container\" data-e-type=\"container\">\n\t\t\t\t<div class=\"elementor-element elementor-element-e97863b elementor-widget elementor-widget-heading\" data-id=\"e97863b\" data-element_type=\"widget\" data-e-type=\"widget\" data-widget_type=\"heading.default\">\n\t\t\t\t\t<h2 class=\"elementor-heading-title elementor-size-default\">Uudistus 2025 \u2013 enemm\u00e4n tilaa, makua ja tyyli\u00e4<\/h2>\t\t\t\t<\/div>\n\t\t\t\t<div class=\"elementor-element elementor-element-278aa46 elementor-widget elementor-widget-text-editor\" data-id=\"278aa46\" data-element_type=\"widget\" data-e-type=\"widget\" data-widget_type=\"text-editor.default\">\n\t\t\t\t\t\t\t\t\t<p>Vuonna 2025 J\u00e4rvenper\u00e4n Ravintola uudistui t\u00e4ysin. Ravintola remontoitiin ja tiloja laajennettiin, asiakaspaikkoja on nyt 60 ja sisustus sai modernin, viihtyis\u00e4n ilmeen. Samalla ruokalistaa kehitettiin entisest\u00e4\u00e4n: vanhat suosikit pysyiv\u00e4t mukana, mutta rinnalle tuotiin uusia makuja, kuten puuhiiligrilliss\u00e4 valmistetut annokset ja entist\u00e4 laajempi kasvis- ja juomavalikoima.<\/p><p>Uutuutena lis\u00e4ttiin my\u00f6s arkip\u00e4ivisin tarjottava lounasbuffet, joka on nopeasti noussut asiakkaiden suosikiksi. Buffet yhdist\u00e4\u00e4 runsaan salaattip\u00f6yd\u00e4n, vaihtuvat l\u00e4mpim\u00e4t ruoat, pizzat ja j\u00e4lkiruoat.<\/p>\t\t\t\t\t\t\t\t<\/div>\n\t\t\t\t<\/div>\n\t\t<div class=\"elementor-element elementor-element-d2fba4c e-con-full e-flex e-con e-child\" data-id=\"d2fba4c\" data-element_type=\"container\" data-e-type=\"container\">\n\t\t\t\t<div class=\"elementor-element elementor-element-ad2a91d elementor-widget elementor-widget-heading\" data-id=\"ad2a91d\" data-element_type=\"widget\" data-e-type=\"widget\" data-widget_type=\"heading.default\">\n\t\t\t\t\t<h2 class=\"elementor-heading-title elementor-size-default\">T\u00e4n\u00e4\u00e4n ja huomenna\n<\/h2>\t\t\t\t<\/div>\n\t\t\t\t<div class=\"elementor-element elementor-element-565aa25 elementor-widget elementor-widget-text-editor\" data-id=\"565aa25\" data-element_type=\"widget\" data-e-type=\"widget\" data-widget_type=\"text-editor.default\">\n\t\t\t\t\t\t\t\t\tVaikka ilme on muuttunut ja lista uudistunut, J\u00e4rvenper\u00e4n Ravintolan ydin on pysynyt samana. Se on paikka, jossa hyv\u00e4 ruoka ja l\u00e4mmin tunnelma kohtaavat \u2013 ja jossa jokainen asiakas otetaan vastaan\u00a0kuin\u00a0yst\u00e4v\u00e4.\t\t\t\t\t\t\t\t<\/div>\n\t\t\t\t<\/div>\n\t\t\t\t<\/div>\n\t\t\t\t<\/div>\n\t\t\t\t<\/div>\n\t\t\t\t\t<\/div>\n\t\t\t\t<\/div>\n\t\t\t\t\t<\/div>\n\t\t\t\t<\/div>\n\t\t\t\t<\/div>\n\t\t","protected":false},"excerpt":{"rendered":"<p>Uusi alku vuonna 2012 J\u00e4rvenper\u00e4n Ravintolan tarina sai uuden suunnan vuonna 2012, kun ravintola sai uuden omistajan, Safin Hassanin. H\u00e4n toi mukanaan ajatuksen paikasta, jossa yhdistyv\u00e4t laadukas k\u00e4sin valmistettu ruoka ja l\u00e4mmin vieraanvaraisuus. Jo alusta asti ruokalistan perustaksi valittiin itse tehdyt pizzataikinat, tuoreet salaatit, omat kastikkeet ja huolella valitut raaka-aineet \u2013 ilman oikoteit\u00e4. T\u00e4m\u00e4 intohimo [&hellip;]<\/p>\n","protected":false},"author":1,"featured_media":0,"parent":0,"menu_order":0,"comment_status":"closed","ping_status":"closed","template":"","meta":{"footnotes":""},"class_list":["post-18","page","type-page","status-publish","hentry"],"_links":{"self":[{"href":"https:\/\/jarvenperanravintola.fi\/en\/wp-json\/wp\/v2\/pages\/18","targetHints":{"allow":["GET"]}}],"collection":[{"href":"https:\/\/jarvenperanravintola.fi\/en\/wp-json\/wp\/v2\/pages"}],"about":[{"href":"https:\/\/jarvenperanravintola.fi\/en\/wp-json\/wp\/v2\/types\/page"}],"author":[{"embeddable":true,"href":"https:\/\/jarvenperanravintola.fi\/en\/wp-json\/wp\/v2\/users\/1"}],"replies":[{"embeddable":true,"href":"https:\/\/jarvenperanravintola.fi\/en\/wp-json\/wp\/v2\/comments?post=18"}],"version-history":[{"count":0,"href":"https:\/\/jarvenperanravintola.fi\/en\/wp-json\/wp\/v2\/pages\/18\/revisions"}],"wp:attachment":[{"href":"https:\/\/jarvenperanravintola.fi\/en\/wp-json\/wp\/v2\/media?parent=18"}],"curies":[{"name":"wp","href":"https:\/\/api.w.org\/{rel}","templated":true}]}}