{"id":24,"date":"2025-07-05T09:59:41","date_gmt":"2025-07-05T09:59:41","guid":{"rendered":"https:\/\/jarvenperanravintola.fi\/?page_id=24"},"modified":"2025-08-09T12:36:19","modified_gmt":"2025-08-09T09:36:19","slug":"ajankohtaista","status":"publish","type":"page","link":"https:\/\/jarvenperanravintola.fi\/en\/ajankohtaista\/","title":{"rendered":"News &amp; Updates"},"content":{"rendered":"<div data-elementor-type=\"wp-page\" data-elementor-id=\"24\" class=\"elementor elementor-24\" data-elementor-post-type=\"page\">\n\t\t\t\t<div class=\"elementor-element elementor-element-7238929 e-flex e-con-boxed e-con e-parent\" data-id=\"7238929\" data-element_type=\"container\" data-e-type=\"container\" data-settings=\"{&quot;background_background&quot;:&quot;classic&quot;}\">\n\t\t\t\t\t<div class=\"e-con-inner\">\n\t\t<div class=\"elementor-element elementor-element-6bbc7ea e-flex e-con-boxed e-con e-child\" data-id=\"6bbc7ea\" data-element_type=\"container\" data-e-type=\"container\">\n\t\t\t\t\t<div class=\"e-con-inner\">\n\t\t<div class=\"elementor-element elementor-element-aec67d6 e-con-full e-flex e-con e-child\" data-id=\"aec67d6\" data-element_type=\"container\" data-e-type=\"container\">\n\t\t\t\t<div class=\"elementor-element elementor-element-a69f14c elementor-widget elementor-widget-image\" data-id=\"a69f14c\" data-element_type=\"widget\" data-e-type=\"widget\" data-widget_type=\"image.default\">\n\t\t\t\t\t\t\t\t\t\t\t\t\t\t\t<img fetchpriority=\"high\" decoding=\"async\" width=\"800\" height=\"1000\" src=\"https:\/\/jarvenperanravintola.fi\/wp-content\/uploads\/2025\/08\/Jarvenpen-Ravintola-12.8-Opening-Social-Media-819x1024.jpg\" class=\"attachment-large size-large wp-image-7227\" alt=\"\" srcset=\"https:\/\/jarvenperanravintola.fi\/wp-content\/uploads\/2025\/08\/Jarvenpen-Ravintola-12.8-Opening-Social-Media-819x1024.jpg 819w, https:\/\/jarvenperanravintola.fi\/wp-content\/uploads\/2025\/08\/Jarvenpen-Ravintola-12.8-Opening-Social-Media-240x300.jpg 240w, https:\/\/jarvenperanravintola.fi\/wp-content\/uploads\/2025\/08\/Jarvenpen-Ravintola-12.8-Opening-Social-Media-768x960.jpg 768w, https:\/\/jarvenperanravintola.fi\/wp-content\/uploads\/2025\/08\/Jarvenpen-Ravintola-12.8-Opening-Social-Media-1229x1536.jpg 1229w, https:\/\/jarvenperanravintola.fi\/wp-content\/uploads\/2025\/08\/Jarvenpen-Ravintola-12.8-Opening-Social-Media-10x12.jpg 10w, https:\/\/jarvenperanravintola.fi\/wp-content\/uploads\/2025\/08\/Jarvenpen-Ravintola-12.8-Opening-Social-Media.jpg 1280w\" sizes=\"(max-width: 800px) 100vw, 800px\" \/>\t\t\t\t\t\t\t\t\t\t\t\t\t\t\t<\/div>\n\t\t<div class=\"elementor-element elementor-element-16614c3 e-con-full e-flex e-con e-child\" data-id=\"16614c3\" data-element_type=\"container\" data-e-type=\"container\" data-settings=\"{&quot;background_background&quot;:&quot;classic&quot;}\">\n\t\t\t\t<div class=\"elementor-element elementor-element-11b45d4 elementor-widget elementor-widget-heading\" data-id=\"11b45d4\" data-element_type=\"widget\" data-e-type=\"widget\" data-widget_type=\"heading.default\">\n\t\t\t\t\t<h2 class=\"elementor-heading-title elementor-size-default\">Grand Opening<\/h2>\t\t\t\t<\/div>\n\t\t\t\t<div class=\"elementor-element elementor-element-8338d2e elementor-widget elementor-widget-heading\" data-id=\"8338d2e\" data-element_type=\"widget\" data-e-type=\"widget\" data-widget_type=\"heading.default\">\n\t\t\t\t\t<p class=\"elementor-heading-title elementor-size-default\">12.8.2025<\/p>\t\t\t\t<\/div>\n\t\t\t\t<\/div>\n\t\t\t\t<\/div>\n\t\t<div class=\"elementor-element elementor-element-5fe7f82 e-con-full e-flex e-con e-child\" data-id=\"5fe7f82\" data-element_type=\"container\" data-e-type=\"container\">\n\t\t<div class=\"elementor-element elementor-element-6aa7619 e-con-full e-flex e-con e-child\" data-id=\"6aa7619\" data-element_type=\"container\" data-e-type=\"container\">\n\t\t<div class=\"elementor-element elementor-element-c8ac7bf e-con-full e-flex e-con e-child\" data-id=\"c8ac7bf\" data-element_type=\"container\" data-e-type=\"container\">\n\t\t\t\t<div class=\"elementor-element elementor-element-6519c38 elementor-widget elementor-widget-heading\" data-id=\"6519c38\" data-element_type=\"widget\" data-e-type=\"widget\" data-widget_type=\"heading.default\">\n\t\t\t\t\t<h2 class=\"elementor-heading-title elementor-size-default\">News &amp; Updates<\/h2>\t\t\t\t<\/div>\n\t\t\t\t<div class=\"elementor-element elementor-element-13798b7 elementor-widget elementor-widget-text-editor\" data-id=\"13798b7\" data-element_type=\"widget\" data-e-type=\"widget\" data-widget_type=\"text-editor.default\">\n\t\t\t\t\t\t\t\t\t<p>Here you\u2019ll find the latest information about what\u2019s happening at J\u00e4rvenper\u00e4n Ravintola.<br \/>Follow our news, upcoming events, seasonal menus, and special offers.<\/p><p>Feel free to contact us if you have any questions or would like to know more!<\/p>\t\t\t\t\t\t\t\t<\/div>\n\t\t<div class=\"elementor-element elementor-element-401fde6 e-con-full e-flex e-con e-child\" data-id=\"401fde6\" data-element_type=\"container\" data-e-type=\"container\">\n\t\t\t\t<div class=\"elementor-element elementor-element-7358026 elementor-widget elementor-widget-global elementor-global-7032 elementor-widget-button\" data-id=\"7358026\" data-element_type=\"widget\" data-e-type=\"widget\" data-widget_type=\"button.default\">\n\t\t\t\t\t\t\t\t\t\t<a class=\"elementor-button elementor-button-link elementor-size-sm\" href=\"https:\/\/jarvenperanravintola.fi\/en\/poytavaraus\/\">\n\t\t\t\t\t\t<span class=\"elementor-button-content-wrapper\">\n\t\t\t\t\t\t\t\t\t<span class=\"elementor-button-text\"> Table Reservation<\/span>\n\t\t\t\t\t<\/span>\n\t\t\t\t\t<\/a>\n\t\t\t\t\t\t\t\t<\/div>\n\t\t\t\t<div class=\"elementor-element elementor-element-d0bd140 elementor-widget elementor-widget-button\" data-id=\"d0bd140\" data-element_type=\"widget\" data-e-type=\"widget\" data-widget_type=\"button.default\">\n\t\t\t\t\t\t\t\t\t\t<a class=\"elementor-button elementor-button-link elementor-size-sm\" href=\"https:\/\/jarvenperanravintola.fi\/en\/info\/\">\n\t\t\t\t\t\t<span class=\"elementor-button-content-wrapper\">\n\t\t\t\t\t\t\t\t\t<span class=\"elementor-button-text\">Contact us<\/span>\n\t\t\t\t\t<\/span>\n\t\t\t\t\t<\/a>\n\t\t\t\t\t\t\t\t<\/div>\n\t\t\t\t<\/div>\n\t\t\t\t<\/div>\n\t\t\t\t<\/div>\n\t\t\t\t<\/div>\n\t\t\t\t\t<\/div>\n\t\t\t\t<\/div>\n\t\t\t\t\t<\/div>\n\t\t\t\t<\/div>\n\t\t\t\t<\/div>","protected":false},"excerpt":{"rendered":"<p>Avajaiset 12.8.2025 Ajankohtaista T\u00e4\u00e4lt\u00e4 l\u00f6yd\u00e4t ajankohtaista tietoa siit\u00e4, mit\u00e4 J\u00e4rvenper\u00e4n Ravintolassa tapahtuu.Seuraa uutisiamme, tulevia tapahtumia, kausimenuja ja erikoistarjouksia. Ota rohkeasti yhteytt\u00e4, jos sinulla on kysytt\u00e4v\u00e4\u00e4 tai haluat\u00a0tiet\u00e4\u00e4\u00a0lis\u00e4\u00e4! P\u00f6yt\u00e4varaus Ota yhteytt\u00e4<\/p>","protected":false},"author":1,"featured_media":0,"parent":0,"menu_order":0,"comment_status":"closed","ping_status":"closed","template":"","meta":{"footnotes":""},"class_list":["post-24","page","type-page","status-publish","hentry"],"_links":{"self":[{"href":"https:\/\/jarvenperanravintola.fi\/en\/wp-json\/wp\/v2\/pages\/24","targetHints":{"allow":["GET"]}}],"collection":[{"href":"https:\/\/jarvenperanravintola.fi\/en\/wp-json\/wp\/v2\/pages"}],"about":[{"href":"https:\/\/jarvenperanravintola.fi\/en\/wp-json\/wp\/v2\/types\/page"}],"author":[{"embeddable":true,"href":"https:\/\/jarvenperanravintola.fi\/en\/wp-json\/wp\/v2\/users\/1"}],"replies":[{"embeddable":true,"href":"https:\/\/jarvenperanravintola.fi\/en\/wp-json\/wp\/v2\/comments?post=24"}],"version-history":[{"count":0,"href":"https:\/\/jarvenperanravintola.fi\/en\/wp-json\/wp\/v2\/pages\/24\/revisions"}],"wp:attachment":[{"href":"https:\/\/jarvenperanravintola.fi\/en\/wp-json\/wp\/v2\/media?parent=24"}],"curies":[{"name":"wp","href":"https:\/\/api.w.org\/{rel}","templated":true}]}}